{"id":78555,"date":"2022-08-08T11:49:39","date_gmt":"2022-08-08T09:49:39","guid":{"rendered":"https:\/\/miporteria.com\/?page_id=78555"},"modified":"2023-08-21T13:13:50","modified_gmt":"2023-08-21T11:13:50","slug":"privacy-policy","status":"publish","type":"page","link":"https:\/\/miporteria.com\/en\/privacy-policy\/","title":{"rendered":"Privacy Policy"},"content":{"rendered":"\r\n<h2 class=\"wp-block-heading\">\u00a0<\/h2>\r\n<h2>Bienvenido a los T\u00e9rminos y Condiciones Generales de Venta:<\/h2>\r\n<p>&nbsp;<\/p>\r\n<p>Estas condiciones generales han sido elaboradas de conformidad con lo establecido en la ley 34\/2002 de servicios de la Sociedad de la informaci\u00f3n y de comercio electr\u00f3nico, Real decreto legislativo uno\/2007 de 16 de noviembre por el que se aprueba el texto refundido de la ley General para la defensa de los consumidores y usuarios y otras leyes complementarias todas ellas disposiciones legales de obligada aplicaci\u00f3n<\/p>\r\n<p>Al utilizar este sitio web o al hacer y o solicitar la adquisici\u00f3n de un producto y o servicio a trav\u00e9s del mismo el usuario consiente quedar vinculado por estas Condiciones, por lo que si no est\u00e1 de acuerdo con todo ello, no debe usar este sitio web.<\/p>\r\n<p>Asimismo, se informa que estas condiciones podr\u00edan ser modificadas.<\/p>\r\n<p>El usuario es responsable de consultarlas cada vez que acceda navegue y use el sitio web ya que ser\u00e1n aplicables aquellas que se encuentran vigentes en el momento en que se solicite la adquisici\u00f3n de los servicios.<\/p>\r\n<p>Para todas las preguntas que el usuario pueda tener en relaci\u00f3n con las condiciones puede ponerse en contacto con el titular utilizando los datos de contacto facilitados a continuaci\u00f3n<\/p>\r\n<p>&nbsp;<\/p>\r\n<p>&nbsp;<\/p>\r\n<h2>\u00a0<\/h2>\r\n<h2><b>1) Qui\u00e9nes somos<\/b><\/h2>\r\n<p>Miporteria es una empresa internacional especializada en el entrenamiento del porter@, con m\u00e1s de 5 a\u00f1os de experiencia y dedicada a la formaci\u00f3n m\u00e1s especifica de forma online y presencial<span class=\"Apple-converted-space\">\u00a0<\/span><\/p>\r\n<p>Nuestra pagina web es <a href=\"http:\/\/www.miporteria.com\">www.miporteria.com<\/a> y nos puedes contactar para dudas o propuestas en miporteriagroup@gmail.com o en\u00a0<a href=\"mailto:info@miporteria.com\">info@miporteria.com.<\/a><\/p>\r\n<p>&nbsp;<\/p>\r\n<p>&nbsp;<\/p>\r\n<h2><b>2) Informaci\u00f3n de los servicios y formaci\u00f3n:<\/b><\/h2>\r\n<p>A trav\u00e9s de la web <a href=\"http:\/\/www.miporteria.com\">www.miporteria.com<\/a> vendemos servicios y formaci\u00f3n espec\u00edfica para el entrenador@ de porter@s<\/p>\r\n<p>En concreto actualmente, ofrecemos:<\/p>\r\n<p><strong>FORMACI\u00d3N:<\/strong><\/p>\r\n<ul>\r\n<li>SUSCRIPCI\u00d3N:<\/li>\r\n<\/ul>\r\n<p>El acceso a la suscripci\u00f3n es instant\u00e1neo desde que el cliente realiza el pago y el<span class=\"Apple-converted-space\">\u00a0 <\/span>cliente deja de tener acceso a la suscripci\u00f3n desde que cancela, teniendo acceso hasta el mes o a\u00f1o ya abonado.<span class=\"Apple-converted-space\">\u00a0<\/span><\/p>\r\n<ul>\r\n<li>CURSOS:<\/li>\r\n<\/ul>\r\n<p>Los cursos grabados de Miporteria ofrecen acceso autom\u00e1tico desde que se realiza el pago de los mismos. En estos no existe la posibilidad de devoluci\u00f3n del dinero.<\/p>\r\n<p>Si por alg\u00fan motivo el cliente experimenta alg\u00fan problema t\u00e9cnico y no puede acceder, pierde los accesos , o no puede recuperar la contrase\u00f1a solo debe enviar un email a <a href=\"mailto:info@miporteria.com\">info@miporteria.com<\/a> para que le ayudemos a resolver dicho problema dentro de nuestro horario laboral.<\/p>\r\n<ul>\r\n<li>CONGRESO INTERNACIONAL:<\/li>\r\n<\/ul>\r\n<p>De forma excepcional celebramos un evento presencial te\u00f3rico-pr\u00e1ctico de 2-3 d\u00edas enfocado en la formaci\u00f3n del entrenador de porter@s. Se lleva a cabo en diferentes ciudades (dependiendo del a\u00f1o) y en este tienen cabida ponentes de primer nivel.<\/p>\r\n<ul>\r\n<li>MASTER INTERNACIONAL:<\/li>\r\n<\/ul>\r\n<p>Formaci\u00f3n online en directo con ponentes de primer nivel y una duraci\u00f3n aproximada de 2-3 meses.<\/p>\r\n<p>&nbsp;<\/p>\r\n<p><strong>SERVICIOS:<\/strong><\/p>\r\n<ul>\r\n<li>MENTORIAS<span class=\"Apple-converted-space\">\u00a0<\/span><\/li>\r\n<\/ul>\r\n<p>Programa exclusivo que se llevar\u00e1 a cabo de forma extraordinaria de forma grupal o individualizada. En caso de cerrarse, la realizaci\u00f3n depender\u00e1 de lo pactado, siendo por lo general una vez por semana a trav\u00e9s de reuniones online enfocadas al asesoramiento profesional del cliente teniendo en cuenta aspectos como la metodolog\u00eda, la t\u00e9cnica, la t\u00e1ctica o la psicolog\u00eda en el entrenamiento espec\u00edfico de sus porteros.<\/p>\r\n<p>&nbsp;<\/p>\r\n<p>&nbsp;<\/p>\r\n<h2><b>3) Precio e impuestos<\/b><\/h2>\r\n<p>Los precios est\u00e1n debidamente marcados en la web. Los precios est\u00e1n en euros y en dolares estadounidenses y nos reservamos el derecho de poder ofrecer los precios en otras monedas adem\u00e1s de euros para comodidad de nuestros clientes internacionales. Se trata de un precio total que incluye los impuestos, si aplican en cada caso. En el caso de que los impuestos no est\u00e9n incluidos se indicar\u00e1 en el checkout y la p\u00e1gina de ventas.<\/p>\r\n<ul>\r\n<li>Nos reservamos el derecho de aplicar descuentos y cambios de precios cuando consideremos oportuno, as\u00ed como crear cupones descuento para las promociones que estim\u00e9moos adecuadas, con las condiciones que mejor se adapten a las circunstancias y objetivos de la empresa y con la duraci\u00f3n que estimemos conveniente.<span class=\"Apple-converted-space\">\u00a0<\/span><\/li>\r\n<li>Para emitir las facturas necesitaremos que los clientes rellenen los datos adecuadamente en el formato de pago.<span class=\"Apple-converted-space\">\u00a0<\/span><\/li>\r\n<li>Las facturas se enviar\u00e1n por email autom\u00e1ticamente despu\u00e9s de haber realizado la compra. Si no fuera as\u00ed, el usuario podr\u00e1 enviar un email a <a href=\"mailto:info@miporteria.com\">info@miporteria.com<\/a> para solicitarla y as\u00ed enviarla manualmente.<\/li>\r\n<\/ul>\r\n<p>&nbsp;<\/p>\r\n<p>&nbsp;<\/p>\r\n<h2><b>4) Forma de pago<\/b><\/h2>\r\n<p>Los pagos se realizar\u00e1n a trav\u00e9s de la p\u00e1gina de ventas de la web, pudiendo pagar con un pago seguro con tu tarjeta de cr\u00e9dito a trav\u00e9s del sistema de Stripe o de PayPal o en caso de cursos, \u00a0si el cliente lo solicitara previamente, \u00a0a trav\u00e9s de transferencia bancaria.<\/p>\r\n<p>&nbsp;<\/p>\r\n<p>&nbsp;<\/p>\r\n<h2><b>5) Derecho de desistimiento<\/b><\/h2>\r\n<p>En caso de la compra de la suscripci\u00f3n PRO anual*, el usuario tiene derecho a desistir de su compra en un plazo de 14 d\u00edas naturales sin necesidad de justificaci\u00f3n. Para ejercer el derecho de desistimiento el usuario deber\u00e1 cancelar la suscripci\u00f3n a trav\u00e9s de su perfil personal de forma inequ\u00edvoca o solicit\u00e1ndolo expresamente a traves de un email a Miporteria.<\/p>\r\n<p>Para cumplir el plazo de desistimiento, basta con que la cancelaci\u00f3n o la comunicaci\u00f3n relativa a la solicitud de cancelar por parte del usuario de este derecho se env\u00ede antes de que venza el plazo correspondiente. Siempre de forma previa a la finalizaci\u00f3n.<\/p>\r\n<p>En caso de desistimiento Miporteria devolver\u00e1 a la misma cuenta de origen, el pago realizado por el usuario menos la tasa del 3,5% de gastos bancarios de las pasarelas de pago.<\/p>\r\n<p>&nbsp;<\/p>\r\n<p>Aunque tienes catorce d\u00edas para anular las compras hechas por internet o por cualquier otro tipo de venta a distancia (por ejemplo, por tel\u00e9fono o por correspondencia), hay algunas <strong>excepciones<\/strong><\/p>\r\n<ul>\r\n<li><strong>El derecho de desistimiento no ser\u00e1 aplicable a\u00a0los Cursos de acceso inmediato, Master,\u00a0membres\u00eda mensual o Mentor\u00edas una vez iniciada la descarga de contenidos.<\/strong><\/li>\r\n<li>Tampoco a \u00a0las reservas de servicios de ocio para fechas espec\u00edficas como el Congreso internacional para entrenadores de porteros.<\/li>\r\n<\/ul>\r\n<p>&nbsp;<\/p>\r\n<p>&nbsp;<\/p>\r\n<h2><b>6) Servicio de atenci\u00f3n al cliente<\/b><\/h2>\r\n<p>Miporteria dispone de un servicio atenci\u00f3n al cliente para que el usuario pueda gestionar sus reclamaciones dudas o pueda solicitar garant\u00edas y ejecutar el derecho de desistimiento que se llevar\u00e1 acabo a trav\u00e9s del WhatsApp o el e-mail. El usuario puede dirigir sus quejas reclamaciones o solicitudes de informaci\u00f3n a trav\u00e9s del email que indicamos al inicio de estas condiciones<\/p>\r\n<p>&nbsp;<\/p>\r\n<p>&nbsp;<\/p>\r\n<h2><b>7) Protecci\u00f3n de datos<\/b><\/h2>\r\n<p>Miporteria es el responsable del tratamiento de los datos personales del usuario y le informa que estos datos ser\u00e1n tratados de conformidad con lo dispuesto en la ley org\u00e1nica 3\/2018 de 5 de diciembre de protecci\u00f3n de datos personales y garant\u00eda de los derechos digitales y el reglamento UE 2016\/679 de 27 de abril de 2016 relativa a la protecci\u00f3n de las personas f\u00edsicas en lo que respecta al tratamiento de datos personales y a la libre circulaci\u00f3n de estos datos.<\/p>\r\n<p>Datos recogidos: los datos recogidos en este sitio son los siguientes:<span class=\"Apple-converted-space\">\u00a0<\/span><\/p>\r\n<ul>\r\n<li>apertura de la cuenta al crear la cuenta del usuario, <span class=\"Apple-converted-space\">\u00a0registra su apellido nombre datos de acceso ubicaci\u00f3n y datos de pago.<\/span><\/li>\r\n<li>Login: cuando el usuario se conecta a la p\u00e1gina web, direcci\u00f3n de correo electr\u00f3nico.<\/li>\r\n<li>Cookies: las cookies si utilizan cuando se utilizan sitio. El usuario tiene la posibilidad de desactivar las cookies desde la configuraci\u00f3n de su navegador<\/li>\r\n<\/ul>\r\n<p>&nbsp;<\/p>\r\n<p>Uso de los datos personales:<\/p>\r\n<p>La finalidad de los datos personales recogidos de los usuarios exponen a su disposici\u00f3n los servicios del sitio web mejorarlos y mantener su entorno seguro.<\/p>\r\n<p>M\u00e1s espec\u00edficamente, los datos son los siguientes:<span class=\"Apple-converted-space\">\u00a0<\/span><\/p>\r\n<ul>\r\n<li>Acceso y uso del sitio web por parte del usuario.<span class=\"Apple-converted-space\">\u00a0<\/span><\/li>\r\n<li>Gesti\u00f3n del funcionamiento y optimizaci\u00f3n de la web.<span class=\"Apple-converted-space\">\u00a0<\/span><\/li>\r\n<li>Organizaci\u00f3n de las condiciones de uso de los servicios de pago.<\/li>\r\n<li>Verificaci\u00f3n, identificaci\u00f3n y autenticaci\u00f3n de los datos transmitidos por el usuario.<\/li>\r\n<li>Prevenci\u00f3n y detecci\u00f3n de fraudes.<span class=\"Apple-converted-space\">\u00a0<\/span><\/li>\r\n<li>Env\u00edo de informaci\u00f3n comercial seg\u00fan las preferencias del usuario<\/li>\r\n<\/ul>\r\n<p>&nbsp;<\/p>\r\n<p>Implementaci\u00f3n de los derechos de los usuarios:<\/p>\r\n<p>De acuerdo con la normativa aplicable a los derechos de car\u00e1cter personal, los usuarios tienen derecho a retirar el consentimiento en cualquier momento. Al igual que derecho de acceso, rectificaci\u00f3n, portabilidad y supresi\u00f3n de sus datos y a la limitaci\u00f3n u oposici\u00f3n a su tratamiento.<span class=\"Apple-converted-space\">\u00a0<\/span><\/p>\r\n<p>Si tiene una cuenta en esta web:<\/p>\r\n<ul>\r\n<li>puede solicitar recibir un archivo de exportaci\u00f3n de los datos personales que tenemos sobre ti, incluyendo cualquier dato que nos hayas proporcionado. Tambi\u00e9n puede solicitar que eliminemos cualquier dato personal que tengamos sobre ti. Esto no incluye ning\u00fan dato que estemos obligados a conservar con fines administrativos, legales o de seguridad.<\/li>\r\n<li>puede solicitar recibir un archivo exportado de los datos personales que tenemos sobre usted, incluidos los datos que nos haya proporcionado. Tambi\u00e9n puede solicitar que eliminemos cualquier dato personal que tengamos sobre usted. Esto no incluye ning\u00fan dato que estemos obligados a conservar con fines administrativos, legales o de seguridad.<\/li>\r\n<\/ul>\r\n<p>Si solicita un restablecimiento de contrase\u00f1a, su direcci\u00f3n IP ser\u00e1 incluida en el correo electr\u00f3nico de restablecimiento.<\/p>\r\n<h2>\u00a0<\/h2>\r\n<h2><b>8) Cookies<\/b><\/h2>\r\n<p>\r\n\r\n<\/p>\r\n<p>Si visita nuestra p\u00e1gina de inicio de sesi\u00f3n, estableceremos una cookie temporal para determinar si su navegador acepta cookies. Esta cookie no contiene datos personales y se descarta cuando cierra su navegador.<\/p>\r\n<p>Cuando inicie sesi\u00f3n, tambi\u00e9n estableceremos varias cookies para guardar su informaci\u00f3n de inicio de sesi\u00f3n y sus opciones de visualizaci\u00f3n de pantalla. Las cookies de inicio de sesi\u00f3n duran dos d\u00edas, y las cookies de las opciones de pantalla duran un a\u00f1o. Si selecciona &#8220;Acepto&#8221;, su inicio de sesi\u00f3n persistir\u00e1 durante dos semanas. Si cierras sesi\u00f3n en tu cuenta, se eliminar\u00e1n las cookies de inicio de sesi\u00f3n.\r\n\r\n\r\n\r\n<\/p>\r\n<p>\r\n\r\n<\/p>\r\n<p>\r\n\r\n<\/p>\r\n<p>\r\n\r\n<\/p>\r\n<p>\r\n\r\n<\/p>\r\n<p>\r\n\r\n<\/p>\r\n<h2><b>9) Legislaci\u00f3n aplicable<\/b><\/h2>\r\n<p>Estas condiciones generales se rigen por la ley espa\u00f1ola. Las partes se someten, a su elecci\u00f3n, para la resoluci\u00f3n de los conflictos y con la renuncia a cualquier otro fuero, a los juzgados y tribunales del domicilio del vendedor.<\/p>\r\n<div class=\"page\" title=\"Page 1\">\r\n<div class=\"section\">\r\n<div class=\"layoutArea\">\r\n<p>&nbsp;<\/p>\r\n<\/div>\r\n<\/div>\r\n<\/div>\r\n\r\n\r\n\r\n\r\n\r\n\r\n\r\n<h2 class=\"wp-block-heading\">\u00a0<\/h2>\r\n<p>&nbsp;<\/p>\r\n","protected":false},"excerpt":{"rendered":"<p>\u00a0 Bienvenido a los T\u00e9rminos y Condiciones Generales de Venta: &nbsp; Estas condiciones generales han sido elaboradas de conformidad con lo establecido en la ley 34\/2002 de servicios de la Sociedad de la informaci\u00f3n y de comercio electr\u00f3nico, Real decreto legislativo uno\/2007 de 16 de noviembre por el que se aprueba el texto refundido de [&hellip;]<\/p>\n","protected":false},"author":11502,"featured_media":0,"parent":0,"menu_order":0,"comment_status":"closed","ping_status":"open","template":"","meta":{"_et_pb_use_builder":"","_et_pb_old_content":"","_et_gb_content_width":"","footnotes":""},"aioseo_notices":[],"_links":{"self":[{"href":"https:\/\/miporteria.com\/en\/wp-json\/wp\/v2\/pages\/78555"}],"collection":[{"href":"https:\/\/miporteria.com\/en\/wp-json\/wp\/v2\/pages"}],"about":[{"href":"https:\/\/miporteria.com\/en\/wp-json\/wp\/v2\/types\/page"}],"author":[{"embeddable":true,"href":"https:\/\/miporteria.com\/en\/wp-json\/wp\/v2\/users\/11502"}],"replies":[{"embeddable":true,"href":"https:\/\/miporteria.com\/en\/wp-json\/wp\/v2\/comments?post=78555"}],"version-history":[{"count":1,"href":"https:\/\/miporteria.com\/en\/wp-json\/wp\/v2\/pages\/78555\/revisions"}],"predecessor-version":[{"id":78556,"href":"https:\/\/miporteria.com\/en\/wp-json\/wp\/v2\/pages\/78555\/revisions\/78556"}],"wp:attachment":[{"href":"https:\/\/miporteria.com\/en\/wp-json\/wp\/v2\/media?parent=78555"}],"curies":[{"name":"wp","href":"https:\/\/api.w.org\/{rel}","templated":true}]}}